{"id":1816,"date":"2018-01-04T21:06:37","date_gmt":"2018-01-04T20:06:37","guid":{"rendered":"http:\/\/notjustbbq.nl\/?post_type=product&#038;p=1816"},"modified":"2024-04-08T09:22:54","modified_gmt":"2024-04-08T07:22:54","slug":"gift-pack-fish","status":"publish","type":"product","link":"https:\/\/notjustbbq.nl\/nl\/shop\/gift-items\/gift-pack-fish\/","title":{"rendered":"Gift Pack Fish"},"content":{"rendered":"","protected":false},"excerpt":{"rendered":"<p>In deze starterpack vind je alles dat je nodig hebt om een echte grillmaster te worden. De stoere kartonnen doos is gevuld met vier verschillende items om een heerlijke steak of ander vleesgerecht mee te maken op de barbecue. Het bevat een Mediterranean rub, Garlic &amp; Herb shaker, Smoking Wood voor vis en een Fish grinder. Het is een geweldig cadeau voor iedereen die van barbecue\u00ebn houd of koop er \u00e9\u00e9n voor jezelf en ga aan de slag!<\/p>\n","protected":false},"featured_media":3297,"comment_status":"open","ping_status":"closed","template":"","meta":[],"product_cat":[67],"product_tag":[1182,1181,330],"class_list":{"0":"post-1816","1":"product","2":"type-product","3":"status-publish","4":"has-post-thumbnail","6":"product_cat-gift-items","7":"product_tag-cadeau","8":"product_tag-cadeauset","9":"product_tag-vis","10":"description-off","12":"first","13":"instock","14":"taxable","15":"shipping-taxable","16":"purchasable","17":"product-type-simple"},"_links":{"self":[{"href":"https:\/\/notjustbbq.nl\/nl\/wp-json\/wp\/v2\/product\/1816"}],"collection":[{"href":"https:\/\/notjustbbq.nl\/nl\/wp-json\/wp\/v2\/product"}],"about":[{"href":"https:\/\/notjustbbq.nl\/nl\/wp-json\/wp\/v2\/types\/product"}],"replies":[{"embeddable":true,"href":"https:\/\/notjustbbq.nl\/nl\/wp-json\/wp\/v2\/comments?post=1816"}],"wp:featuredmedia":[{"embeddable":true,"href":"https:\/\/notjustbbq.nl\/nl\/wp-json\/wp\/v2\/media\/3297"}],"wp:attachment":[{"href":"https:\/\/notjustbbq.nl\/nl\/wp-json\/wp\/v2\/media?parent=1816"}],"wp:term":[{"taxonomy":"product_cat","embeddable":true,"href":"https:\/\/notjustbbq.nl\/nl\/wp-json\/wp\/v2\/product_cat?post=1816"},{"taxonomy":"product_tag","embeddable":true,"href":"https:\/\/notjustbbq.nl\/nl\/wp-json\/wp\/v2\/product_tag?post=1816"}],"curies":[{"name":"wp","href":"https:\/\/api.w.org\/{rel}","templated":true}]}}