{"id":1807,"date":"2018-01-04T21:01:38","date_gmt":"2018-01-04T20:01:38","guid":{"rendered":"http:\/\/notjustbbq.nl\/?post_type=product&#038;p=1807"},"modified":"2024-04-08T09:23:10","modified_gmt":"2024-04-08T07:23:10","slug":"gift-pack-steak","status":"publish","type":"product","link":"https:\/\/notjustbbq.nl\/nl\/shop\/gift-items\/gift-pack-steak\/","title":{"rendered":"Gift Pack Steak"},"content":{"rendered":"","protected":false},"excerpt":{"rendered":"<p>In deze starterpack vind je alles dat je nodig hebt om een echte grillmaster te worden. De stoere kartonnen doos is gevuld met vier verschillende items om een heerlijke steak of ander vleesgerecht mee te maken op de barbecue. Het bevat een Texan Steakhouse rub, Smoky BBQ shaker, Smoking Wood voor steak en een BBQ Steak grinder. Het is een geweldig cadeau voor iedereen die van barbecue\u00ebn houd of koop er \u00e9\u00e9n voor jezelf en ga aan de slag!<\/p>\n","protected":false},"featured_media":3299,"comment_status":"open","ping_status":"closed","template":"","meta":[],"product_cat":[67],"product_tag":[1182,1181,338,336],"class_list":{"0":"post-1807","1":"product","2":"type-product","3":"status-publish","4":"has-post-thumbnail","6":"product_cat-gift-items","7":"product_tag-cadeau","8":"product_tag-cadeauset","9":"product_tag-lam","10":"product_tag-vlees","11":"description-off","13":"first","14":"instock","15":"taxable","16":"shipping-taxable","17":"purchasable","18":"product-type-simple"},"_links":{"self":[{"href":"https:\/\/notjustbbq.nl\/nl\/wp-json\/wp\/v2\/product\/1807"}],"collection":[{"href":"https:\/\/notjustbbq.nl\/nl\/wp-json\/wp\/v2\/product"}],"about":[{"href":"https:\/\/notjustbbq.nl\/nl\/wp-json\/wp\/v2\/types\/product"}],"replies":[{"embeddable":true,"href":"https:\/\/notjustbbq.nl\/nl\/wp-json\/wp\/v2\/comments?post=1807"}],"wp:featuredmedia":[{"embeddable":true,"href":"https:\/\/notjustbbq.nl\/nl\/wp-json\/wp\/v2\/media\/3299"}],"wp:attachment":[{"href":"https:\/\/notjustbbq.nl\/nl\/wp-json\/wp\/v2\/media?parent=1807"}],"wp:term":[{"taxonomy":"product_cat","embeddable":true,"href":"https:\/\/notjustbbq.nl\/nl\/wp-json\/wp\/v2\/product_cat?post=1807"},{"taxonomy":"product_tag","embeddable":true,"href":"https:\/\/notjustbbq.nl\/nl\/wp-json\/wp\/v2\/product_tag?post=1807"}],"curies":[{"name":"wp","href":"https:\/\/api.w.org\/{rel}","templated":true}]}}